{"id":250,"date":"2023-05-27T01:57:27","date_gmt":"2023-05-27T01:57:27","guid":{"rendered":"https:\/\/www.wagyu.lu\/home\/"},"modified":"2026-02-17T13:08:21","modified_gmt":"2026-02-17T13:08:21","slug":"home","status":"publish","type":"page","link":"https:\/\/www.wagyu.lu\/lu\/","title":{"rendered":"Home"},"content":{"rendered":"","protected":false},"excerpt":{"rendered":"","protected":false},"author":1,"featured_media":0,"parent":0,"menu_order":0,"comment_status":"closed","ping_status":"closed","template":"page-templates\/template-home.php","meta":{"_acf_changed":false,"inline_featured_image":false,"footnotes":""},"class_list":["post-250","page","type-page","status-publish","hentry"],"acf":[],"yoast_head":"<!-- This site is optimized with the Yoast SEO plugin v25.5 - https:\/\/yoast.com\/wordpress\/plugins\/seo\/ -->\n<title>Ourdall Wagyu - Regional vum Haff A M\u00ebchels<\/title>\n<meta name=\"description\" content=\"Den Haff A M\u00ebchels ziicht Wagyu R\u00ebndfleesch. Mir verkaafen um Haff: Burger, Zoossiss, Steak, Filet an villes m\u00e9i!\" \/>\n<meta name=\"robots\" content=\"index, follow, max-snippet:-1, max-image-preview:large, max-video-preview:-1\" \/>\n<link rel=\"canonical\" href=\"https:\/\/www.wagyu.lu\/lu\/\" \/>\n<meta property=\"og:locale\" content=\"en_US\" \/>\n<meta property=\"og:type\" content=\"article\" \/>\n<meta property=\"og:title\" content=\"Ourdall Wagyu - Regional vum Haff A M\u00ebchels\" \/>\n<meta property=\"og:description\" content=\"Den Haff A M\u00ebchels ziicht Wagyu R\u00ebndfleesch. Mir verkaafen um Haff: Burger, Zoossiss, Steak, Filet an villes m\u00e9i!\" \/>\n<meta property=\"og:url\" content=\"https:\/\/www.wagyu.lu\/lu\/\" \/>\n<meta property=\"og:site_name\" content=\"Ourdall Wagyu\" \/>\n<meta property=\"article:modified_time\" content=\"2026-02-17T13:08:21+00:00\" \/>\n<meta name=\"twitter:card\" content=\"summary_large_image\" \/>\n<script type=\"application\/ld+json\" class=\"yoast-schema-graph\">{\"@context\":\"https:\/\/schema.org\",\"@graph\":[{\"@type\":\"WebPage\",\"@id\":\"https:\/\/www.wagyu.lu\/lu\/\",\"url\":\"https:\/\/www.wagyu.lu\/lu\/\",\"name\":\"Ourdall Wagyu - Regional vum Haff A M\u00ebchels\",\"isPartOf\":{\"@id\":\"https:\/\/www.wagyu.lu\/lu\/#website\"},\"datePublished\":\"2023-05-27T01:57:27+00:00\",\"dateModified\":\"2026-02-17T13:08:21+00:00\",\"description\":\"Den Haff A M\u00ebchels ziicht Wagyu R\u00ebndfleesch. Mir verkaafen um Haff: Burger, Zoossiss, Steak, Filet an villes m\u00e9i!\",\"breadcrumb\":{\"@id\":\"https:\/\/www.wagyu.lu\/lu\/#breadcrumb\"},\"inLanguage\":\"lu-LU\",\"potentialAction\":[{\"@type\":\"ReadAction\",\"target\":[\"https:\/\/www.wagyu.lu\/lu\/\"]}]},{\"@type\":\"BreadcrumbList\",\"@id\":\"https:\/\/www.wagyu.lu\/lu\/#breadcrumb\",\"itemListElement\":[{\"@type\":\"ListItem\",\"position\":1,\"name\":\"Home\",\"item\":\"https:\/\/www.wagyu.lu\/lu\/\"},{\"@type\":\"ListItem\",\"position\":2,\"name\":\"Home\"}]},{\"@type\":\"WebSite\",\"@id\":\"https:\/\/www.wagyu.lu\/lu\/#website\",\"url\":\"https:\/\/www.wagyu.lu\/lu\/\",\"name\":\"Ourdall Wagyu\",\"description\":\"Ourdall Wagyu\",\"publisher\":{\"@id\":\"https:\/\/www.wagyu.lu\/lu\/#organization\"},\"potentialAction\":[{\"@type\":\"SearchAction\",\"target\":{\"@type\":\"EntryPoint\",\"urlTemplate\":\"https:\/\/www.wagyu.lu\/lu\/?s={search_term_string}\"},\"query-input\":{\"@type\":\"PropertyValueSpecification\",\"valueRequired\":true,\"valueName\":\"search_term_string\"}}],\"inLanguage\":\"lu-LU\"},{\"@type\":\"Organization\",\"@id\":\"https:\/\/www.wagyu.lu\/lu\/#organization\",\"name\":\"Ourdall Wagyu\",\"url\":\"https:\/\/www.wagyu.lu\/lu\/\",\"logo\":{\"@type\":\"ImageObject\",\"inLanguage\":\"lu-LU\",\"@id\":\"https:\/\/www.wagyu.lu\/lu\/#\/schema\/logo\/image\/\",\"url\":\"https:\/\/www.wagyu.lu\/wp-content\/uploads\/2023\/09\/logo.svg\",\"contentUrl\":\"https:\/\/www.wagyu.lu\/wp-content\/uploads\/2023\/09\/logo.svg\",\"width\":252,\"height\":144,\"caption\":\"Ourdall Wagyu\"},\"image\":{\"@id\":\"https:\/\/www.wagyu.lu\/lu\/#\/schema\/logo\/image\/\"}}]}<\/script>\n<!-- \/ Yoast SEO plugin. -->","yoast_head_json":{"title":"Ourdall Wagyu - Regional vum Haff A M\u00ebchels","description":"Den Haff A M\u00ebchels ziicht Wagyu R\u00ebndfleesch. Mir verkaafen um Haff: Burger, Zoossiss, Steak, Filet an villes m\u00e9i!","robots":{"index":"index","follow":"follow","max-snippet":"max-snippet:-1","max-image-preview":"max-image-preview:large","max-video-preview":"max-video-preview:-1"},"canonical":"https:\/\/www.wagyu.lu\/lu\/","og_locale":"en_US","og_type":"article","og_title":"Ourdall Wagyu - Regional vum Haff A M\u00ebchels","og_description":"Den Haff A M\u00ebchels ziicht Wagyu R\u00ebndfleesch. Mir verkaafen um Haff: Burger, Zoossiss, Steak, Filet an villes m\u00e9i!","og_url":"https:\/\/www.wagyu.lu\/lu\/","og_site_name":"Ourdall Wagyu","article_modified_time":"2026-02-17T13:08:21+00:00","twitter_card":"summary_large_image","schema":{"@context":"https:\/\/schema.org","@graph":[{"@type":"WebPage","@id":"https:\/\/www.wagyu.lu\/lu\/","url":"https:\/\/www.wagyu.lu\/lu\/","name":"Ourdall Wagyu - Regional vum Haff A M\u00ebchels","isPartOf":{"@id":"https:\/\/www.wagyu.lu\/lu\/#website"},"datePublished":"2023-05-27T01:57:27+00:00","dateModified":"2026-02-17T13:08:21+00:00","description":"Den Haff A M\u00ebchels ziicht Wagyu R\u00ebndfleesch. Mir verkaafen um Haff: Burger, Zoossiss, Steak, Filet an villes m\u00e9i!","breadcrumb":{"@id":"https:\/\/www.wagyu.lu\/lu\/#breadcrumb"},"inLanguage":"lu-LU","potentialAction":[{"@type":"ReadAction","target":["https:\/\/www.wagyu.lu\/lu\/"]}]},{"@type":"BreadcrumbList","@id":"https:\/\/www.wagyu.lu\/lu\/#breadcrumb","itemListElement":[{"@type":"ListItem","position":1,"name":"Home","item":"https:\/\/www.wagyu.lu\/lu\/"},{"@type":"ListItem","position":2,"name":"Home"}]},{"@type":"WebSite","@id":"https:\/\/www.wagyu.lu\/lu\/#website","url":"https:\/\/www.wagyu.lu\/lu\/","name":"Ourdall Wagyu","description":"Ourdall Wagyu","publisher":{"@id":"https:\/\/www.wagyu.lu\/lu\/#organization"},"potentialAction":[{"@type":"SearchAction","target":{"@type":"EntryPoint","urlTemplate":"https:\/\/www.wagyu.lu\/lu\/?s={search_term_string}"},"query-input":{"@type":"PropertyValueSpecification","valueRequired":true,"valueName":"search_term_string"}}],"inLanguage":"lu-LU"},{"@type":"Organization","@id":"https:\/\/www.wagyu.lu\/lu\/#organization","name":"Ourdall Wagyu","url":"https:\/\/www.wagyu.lu\/lu\/","logo":{"@type":"ImageObject","inLanguage":"lu-LU","@id":"https:\/\/www.wagyu.lu\/lu\/#\/schema\/logo\/image\/","url":"https:\/\/www.wagyu.lu\/wp-content\/uploads\/2023\/09\/logo.svg","contentUrl":"https:\/\/www.wagyu.lu\/wp-content\/uploads\/2023\/09\/logo.svg","width":252,"height":144,"caption":"Ourdall Wagyu"},"image":{"@id":"https:\/\/www.wagyu.lu\/lu\/#\/schema\/logo\/image\/"}}]}},"_links":{"self":[{"href":"https:\/\/www.wagyu.lu\/lu\/wp-json\/wp\/v2\/pages\/250","targetHints":{"allow":["GET"]}}],"collection":[{"href":"https:\/\/www.wagyu.lu\/lu\/wp-json\/wp\/v2\/pages"}],"about":[{"href":"https:\/\/www.wagyu.lu\/lu\/wp-json\/wp\/v2\/types\/page"}],"author":[{"embeddable":true,"href":"https:\/\/www.wagyu.lu\/lu\/wp-json\/wp\/v2\/users\/1"}],"replies":[{"embeddable":true,"href":"https:\/\/www.wagyu.lu\/lu\/wp-json\/wp\/v2\/comments?post=250"}],"version-history":[{"count":92,"href":"https:\/\/www.wagyu.lu\/lu\/wp-json\/wp\/v2\/pages\/250\/revisions"}],"predecessor-version":[{"id":1060,"href":"https:\/\/www.wagyu.lu\/lu\/wp-json\/wp\/v2\/pages\/250\/revisions\/1060"}],"wp:attachment":[{"href":"https:\/\/www.wagyu.lu\/lu\/wp-json\/wp\/v2\/media?parent=250"}],"curies":[{"name":"wp","href":"https:\/\/api.w.org\/{rel}","templated":true}]}}