{"id":84,"date":"2023-05-27T01:57:27","date_gmt":"2023-05-27T01:57:27","guid":{"rendered":"https:\/\/www.wagyu.lu\/home\/"},"modified":"2026-05-03T14:20:53","modified_gmt":"2026-05-03T14:20:53","slug":"home","status":"publish","type":"page","link":"https:\/\/www.wagyu.lu\/de\/","title":{"rendered":"Home"},"content":{"rendered":"","protected":false},"excerpt":{"rendered":"","protected":false},"author":1,"featured_media":0,"parent":0,"menu_order":0,"comment_status":"closed","ping_status":"closed","template":"page-templates\/template-home.php","meta":{"_acf_changed":false,"inline_featured_image":false,"footnotes":""},"class_list":["post-84","page","type-page","status-publish","hentry"],"acf":[],"yoast_head":"<!-- This site is optimized with the Yoast SEO plugin v25.5 - https:\/\/yoast.com\/wordpress\/plugins\/seo\/ -->\n<title>Ourdall Wagyu - Regional vom Hof A M\u00ebchels<\/title>\n<meta name=\"description\" content=\"Der Hof A M\u00ebchels z\u00fcchtet Wagyu Rindfleisch. Wir verkaufen Burger, Wurst, Steak, Filet und vieles mehr!\" \/>\n<meta name=\"robots\" content=\"index, follow, max-snippet:-1, max-image-preview:large, max-video-preview:-1\" \/>\n<link rel=\"canonical\" href=\"https:\/\/www.wagyu.lu\/de\/\" \/>\n<meta property=\"og:locale\" content=\"de_DE\" \/>\n<meta property=\"og:type\" content=\"article\" \/>\n<meta property=\"og:title\" content=\"Ourdall Wagyu - Regional vom Hof A M\u00ebchels\" \/>\n<meta property=\"og:description\" content=\"Der Hof A M\u00ebchels z\u00fcchtet Wagyu Rindfleisch. Wir verkaufen Burger, Wurst, Steak, Filet und vieles mehr!\" \/>\n<meta property=\"og:url\" content=\"https:\/\/www.wagyu.lu\/de\/\" \/>\n<meta property=\"og:site_name\" content=\"Ourdall Wagyu\" \/>\n<meta property=\"article:modified_time\" content=\"2026-05-03T14:20:53+00:00\" \/>\n<meta name=\"twitter:card\" content=\"summary_large_image\" \/>\n<script type=\"application\/ld+json\" class=\"yoast-schema-graph\">{\"@context\":\"https:\/\/schema.org\",\"@graph\":[{\"@type\":\"WebPage\",\"@id\":\"https:\/\/www.wagyu.lu\/de\/\",\"url\":\"https:\/\/www.wagyu.lu\/de\/\",\"name\":\"Ourdall Wagyu - Regional vom Hof A M\u00ebchels\",\"isPartOf\":{\"@id\":\"https:\/\/www.wagyu.lu\/de\/#website\"},\"datePublished\":\"2023-05-27T01:57:27+00:00\",\"dateModified\":\"2026-05-03T14:20:53+00:00\",\"description\":\"Der Hof A M\u00ebchels z\u00fcchtet Wagyu Rindfleisch. Wir verkaufen Burger, Wurst, Steak, Filet und vieles mehr!\",\"breadcrumb\":{\"@id\":\"https:\/\/www.wagyu.lu\/de\/#breadcrumb\"},\"inLanguage\":\"de\",\"potentialAction\":[{\"@type\":\"ReadAction\",\"target\":[\"https:\/\/www.wagyu.lu\/de\/\"]}]},{\"@type\":\"BreadcrumbList\",\"@id\":\"https:\/\/www.wagyu.lu\/de\/#breadcrumb\",\"itemListElement\":[{\"@type\":\"ListItem\",\"position\":1,\"name\":\"Home\",\"item\":\"https:\/\/www.wagyu.lu\/de\/\"},{\"@type\":\"ListItem\",\"position\":2,\"name\":\"Home\"}]},{\"@type\":\"WebSite\",\"@id\":\"https:\/\/www.wagyu.lu\/de\/#website\",\"url\":\"https:\/\/www.wagyu.lu\/de\/\",\"name\":\"Ourdall Wagyu\",\"description\":\"Ourdall Wagyu\",\"publisher\":{\"@id\":\"https:\/\/www.wagyu.lu\/de\/#organization\"},\"potentialAction\":[{\"@type\":\"SearchAction\",\"target\":{\"@type\":\"EntryPoint\",\"urlTemplate\":\"https:\/\/www.wagyu.lu\/de\/?s={search_term_string}\"},\"query-input\":{\"@type\":\"PropertyValueSpecification\",\"valueRequired\":true,\"valueName\":\"search_term_string\"}}],\"inLanguage\":\"de\"},{\"@type\":\"Organization\",\"@id\":\"https:\/\/www.wagyu.lu\/de\/#organization\",\"name\":\"Ourdall Wagyu\",\"url\":\"https:\/\/www.wagyu.lu\/de\/\",\"logo\":{\"@type\":\"ImageObject\",\"inLanguage\":\"de\",\"@id\":\"https:\/\/www.wagyu.lu\/de\/#\/schema\/logo\/image\/\",\"url\":\"https:\/\/www.wagyu.lu\/wp-content\/uploads\/2023\/09\/logo.svg\",\"contentUrl\":\"https:\/\/www.wagyu.lu\/wp-content\/uploads\/2023\/09\/logo.svg\",\"width\":252,\"height\":144,\"caption\":\"Ourdall Wagyu\"},\"image\":{\"@id\":\"https:\/\/www.wagyu.lu\/de\/#\/schema\/logo\/image\/\"}}]}<\/script>\n<!-- \/ Yoast SEO plugin. -->","yoast_head_json":{"title":"Ourdall Wagyu - Regional vom Hof A M\u00ebchels","description":"Der Hof A M\u00ebchels z\u00fcchtet Wagyu Rindfleisch. Wir verkaufen Burger, Wurst, Steak, Filet und vieles mehr!","robots":{"index":"index","follow":"follow","max-snippet":"max-snippet:-1","max-image-preview":"max-image-preview:large","max-video-preview":"max-video-preview:-1"},"canonical":"https:\/\/www.wagyu.lu\/de\/","og_locale":"de_DE","og_type":"article","og_title":"Ourdall Wagyu - Regional vom Hof A M\u00ebchels","og_description":"Der Hof A M\u00ebchels z\u00fcchtet Wagyu Rindfleisch. Wir verkaufen Burger, Wurst, Steak, Filet und vieles mehr!","og_url":"https:\/\/www.wagyu.lu\/de\/","og_site_name":"Ourdall Wagyu","article_modified_time":"2026-05-03T14:20:53+00:00","twitter_card":"summary_large_image","schema":{"@context":"https:\/\/schema.org","@graph":[{"@type":"WebPage","@id":"https:\/\/www.wagyu.lu\/de\/","url":"https:\/\/www.wagyu.lu\/de\/","name":"Ourdall Wagyu - Regional vom Hof A M\u00ebchels","isPartOf":{"@id":"https:\/\/www.wagyu.lu\/de\/#website"},"datePublished":"2023-05-27T01:57:27+00:00","dateModified":"2026-05-03T14:20:53+00:00","description":"Der Hof A M\u00ebchels z\u00fcchtet Wagyu Rindfleisch. Wir verkaufen Burger, Wurst, Steak, Filet und vieles mehr!","breadcrumb":{"@id":"https:\/\/www.wagyu.lu\/de\/#breadcrumb"},"inLanguage":"de","potentialAction":[{"@type":"ReadAction","target":["https:\/\/www.wagyu.lu\/de\/"]}]},{"@type":"BreadcrumbList","@id":"https:\/\/www.wagyu.lu\/de\/#breadcrumb","itemListElement":[{"@type":"ListItem","position":1,"name":"Home","item":"https:\/\/www.wagyu.lu\/de\/"},{"@type":"ListItem","position":2,"name":"Home"}]},{"@type":"WebSite","@id":"https:\/\/www.wagyu.lu\/de\/#website","url":"https:\/\/www.wagyu.lu\/de\/","name":"Ourdall Wagyu","description":"Ourdall Wagyu","publisher":{"@id":"https:\/\/www.wagyu.lu\/de\/#organization"},"potentialAction":[{"@type":"SearchAction","target":{"@type":"EntryPoint","urlTemplate":"https:\/\/www.wagyu.lu\/de\/?s={search_term_string}"},"query-input":{"@type":"PropertyValueSpecification","valueRequired":true,"valueName":"search_term_string"}}],"inLanguage":"de"},{"@type":"Organization","@id":"https:\/\/www.wagyu.lu\/de\/#organization","name":"Ourdall Wagyu","url":"https:\/\/www.wagyu.lu\/de\/","logo":{"@type":"ImageObject","inLanguage":"de","@id":"https:\/\/www.wagyu.lu\/de\/#\/schema\/logo\/image\/","url":"https:\/\/www.wagyu.lu\/wp-content\/uploads\/2023\/09\/logo.svg","contentUrl":"https:\/\/www.wagyu.lu\/wp-content\/uploads\/2023\/09\/logo.svg","width":252,"height":144,"caption":"Ourdall Wagyu"},"image":{"@id":"https:\/\/www.wagyu.lu\/de\/#\/schema\/logo\/image\/"}}]}},"_links":{"self":[{"href":"https:\/\/www.wagyu.lu\/de\/wp-json\/wp\/v2\/pages\/84","targetHints":{"allow":["GET"]}}],"collection":[{"href":"https:\/\/www.wagyu.lu\/de\/wp-json\/wp\/v2\/pages"}],"about":[{"href":"https:\/\/www.wagyu.lu\/de\/wp-json\/wp\/v2\/types\/page"}],"author":[{"embeddable":true,"href":"https:\/\/www.wagyu.lu\/de\/wp-json\/wp\/v2\/users\/1"}],"replies":[{"embeddable":true,"href":"https:\/\/www.wagyu.lu\/de\/wp-json\/wp\/v2\/comments?post=84"}],"version-history":[{"count":131,"href":"https:\/\/www.wagyu.lu\/de\/wp-json\/wp\/v2\/pages\/84\/revisions"}],"predecessor-version":[{"id":1068,"href":"https:\/\/www.wagyu.lu\/de\/wp-json\/wp\/v2\/pages\/84\/revisions\/1068"}],"wp:attachment":[{"href":"https:\/\/www.wagyu.lu\/de\/wp-json\/wp\/v2\/media?parent=84"}],"curies":[{"name":"wp","href":"https:\/\/api.w.org\/{rel}","templated":true}]}}